{"id":93,"date":"2017-09-11T09:59:48","date_gmt":"2017-09-11T07:59:48","guid":{"rendered":"http:\/\/gitarre-gerber.ch\/?page_id=93"},"modified":"2017-09-11T17:24:23","modified_gmt":"2017-09-11T15:24:23","slug":"agb-schlatt","status":"publish","type":"page","link":"https:\/\/gitarre-gerber.ch\/?page_id=93","title":{"rendered":"AGB"},"content":{"rendered":"<p><b>Allgemeine Gesch\u00e4ftsbedingungen der Gitarrenschule Gerber<\/b><\/p>\n<p><b>Anmeldung<br \/>\n<\/b>Die Anmeldung ist jederzeit m\u00f6glich. Der Unterricht findet in der Regel w\u00f6chentlich statt.<\/p>\n<p><b>Austritt\/K\u00fcndigung<br \/>\n<\/b>Der Austritt aus der Schule ist nur auf Ende eines Semesters m\u00f6glich. Die schriftliche K\u00fcndigung ist bis zum <b>31. Mai <\/b>resp. <b>30. November <\/b>vor Ablauf des entsprechenden Semesters einzureichen. Wer sich nicht fristgerecht abmeldet, gilt f\u00fcr das n\u00e4chste Semester als angemeldet.<\/p>\n<p><b>Absenzen<br \/>\n<\/b>Die Sch\u00fcler sollen sich p\u00fcnktlich zu den Unterrichtszeiten einfinden. Ist ein Sch\u00fcler am Besuch des Unterrichts verhindert, ist er gebeten, sich bis 24 Stunden vor dem jeweiligen Unterrichtstermin (nur durch eine erziehungsberechtigte Person) abzumelden. Die ausgefallene Lektion verf\u00e4llt.<\/p>\n<p><b>Schulgeldr\u00fcckerstattung<br \/>\n<\/b>Lektionen, die wegen Abwesenheit oder Krankheit meinerseits ausfallen, werden nach M\u00f6glichkeit nachgeholt. Kann kein Ersatztermin gefunden werden, werden die ausgefallenen Lektionen auf der folgenden Semesterrechnung gutgeschrieben oder bei Austritt direkt verg\u00fctet.<br \/>\nBei l\u00e4ngerer Krankheit oder Unfall des Sch\u00fclers (ab drei und mehr aufeinander folgenden Wochen) werden die ausgefallenen Lektionen im n\u00e4chsten Semester nachgeholt oder zur\u00fcckerstattet, sofern eine sofortige Meldung mit \u00e4rztlichem Zeugnis erfolgt.<\/p>\n<p><b>Schuljahr<br \/>\n<\/b>Das Schuljahr entspricht demjenigen der Volksschulgemeinde Region Diessenhofen. An schulfreien Tagen (Schulsynode, Lehrerweiterbildung\/-konferenzen u.\u00e4.) findet der Gitarrenunterricht normal statt.<\/p>\n<p><b>Unangemessenes Betragen<br \/>\n<\/b>Bei unangemessenem Betragen eines Sch\u00fclers w\u00e4hrend einer Lektion nehme ich mir das Recht, diesen n\u00f6tigenfalls nach Hause zu schicken.<\/p>\n<p><b>Schulgeld<br \/>\n<\/b>Das Schulgeld (Pauschale, mind. 17 Lektionen\/Semester) wird Anfang Semester bzw. bei Eintritt in Rechnung gestellt.<\/p>\n","protected":false},"excerpt":{"rendered":"<p>Allgemeine Gesch\u00e4ftsbedingungen der Gitarrenschule Gerber Anmeldung Die Anmeldung ist jederzeit m\u00f6glich. Der Unterricht findet in der Regel w\u00f6chentlich statt. Austritt\/K\u00fcndigung Der Austritt aus der Schule ist nur auf Ende eines Semesters m\u00f6glich. Die schriftliche K\u00fcndigung ist bis zum 31. Mai resp. 30. November vor Ablauf des entsprechenden Semesters einzureichen. Wer sich nicht fristgerecht abmeldet, gilt <a href=\"https:\/\/gitarre-gerber.ch\/?page_id=93\" class=\"more-link\">\u2026weiterlesen<span class=\"screen-reader-text\"> AGB\"<\/span><\/a><\/p>\n","protected":false},"author":1,"featured_media":0,"parent":87,"menu_order":0,"comment_status":"closed","ping_status":"closed","template":"","meta":{"_coblocks_attr":"","_coblocks_dimensions":"","_coblocks_responsive_height":"","_coblocks_accordion_ie_support":"","_crdt_document":"","_uag_custom_page_level_css":"","footnotes":""},"class_list":["post-93","page","type-page","status-publish","h-entry","hentry","h-as-page"],"aioseo_notices":[],"uagb_featured_image_src":{"full":false,"thumbnail":false,"medium":false,"medium_large":false,"large":false,"1536x1536":false,"2048x2048":false,"custom-header-image":false},"uagb_author_info":{"display_name":false,"author_link":"https:\/\/gitarre-gerber.ch\/?author=1"},"uagb_comment_info":0,"uagb_excerpt":"Allgemeine Gesch\u00e4ftsbedingungen der Gitarrenschule Gerber Anmeldung Die Anmeldung ist jederzeit m\u00f6glich. Der Unterricht findet in der Regel w\u00f6chentlich statt. Austritt\/K\u00fcndigung Der Austritt aus der Schule ist nur auf Ende eines Semesters m\u00f6glich. Die schriftliche K\u00fcndigung ist bis zum 31. Mai resp. 30. November vor Ablauf des entsprechenden Semesters einzureichen. Wer sich nicht fristgerecht abmeldet, gilt&hellip;","_links":{"self":[{"href":"https:\/\/gitarre-gerber.ch\/index.php?rest_route=\/wp\/v2\/pages\/93","targetHints":{"allow":["GET"]}}],"collection":[{"href":"https:\/\/gitarre-gerber.ch\/index.php?rest_route=\/wp\/v2\/pages"}],"about":[{"href":"https:\/\/gitarre-gerber.ch\/index.php?rest_route=\/wp\/v2\/types\/page"}],"author":[{"embeddable":true,"href":"https:\/\/gitarre-gerber.ch\/index.php?rest_route=\/wp\/v2\/users\/1"}],"replies":[{"embeddable":true,"href":"https:\/\/gitarre-gerber.ch\/index.php?rest_route=%2Fwp%2Fv2%2Fcomments&post=93"}],"version-history":[{"count":3,"href":"https:\/\/gitarre-gerber.ch\/index.php?rest_route=\/wp\/v2\/pages\/93\/revisions"}],"predecessor-version":[{"id":138,"href":"https:\/\/gitarre-gerber.ch\/index.php?rest_route=\/wp\/v2\/pages\/93\/revisions\/138"}],"up":[{"embeddable":true,"href":"https:\/\/gitarre-gerber.ch\/index.php?rest_route=\/wp\/v2\/pages\/87"}],"wp:attachment":[{"href":"https:\/\/gitarre-gerber.ch\/index.php?rest_route=%2Fwp%2Fv2%2Fmedia&parent=93"}],"curies":[{"name":"wp","href":"https:\/\/api.w.org\/{rel}","templated":true}]}}