{"id":57,"date":"2017-09-10T20:54:26","date_gmt":"2017-09-10T18:54:26","guid":{"rendered":"http:\/\/gitarre-gerber.ch\/?page_id=57"},"modified":"2022-07-08T17:42:12","modified_gmt":"2022-07-08T15:42:12","slug":"die-gitarrenschule","status":"publish","type":"page","link":"https:\/\/gitarre-gerber.ch\/?page_id=57","title":{"rendered":"Die Gitarrenschule"},"content":{"rendered":"<p><img loading=\"lazy\" decoding=\"async\" class=\"alignright wp-image-326 size-medium\" src=\"https:\/\/gitarre-gerber.ch\/wp-content\/uploads\/2022\/07\/IMG_9254-200x300.jpeg\" alt=\"\" width=\"200\" height=\"300\" srcset=\"https:\/\/gitarre-gerber.ch\/wp-content\/uploads\/2022\/07\/IMG_9254-200x300.jpeg 200w, https:\/\/gitarre-gerber.ch\/wp-content\/uploads\/2022\/07\/IMG_9254-683x1024.jpeg 683w, https:\/\/gitarre-gerber.ch\/wp-content\/uploads\/2022\/07\/IMG_9254-768x1152.jpeg 768w, https:\/\/gitarre-gerber.ch\/wp-content\/uploads\/2022\/07\/IMG_9254-1024x1536.jpeg 1024w, https:\/\/gitarre-gerber.ch\/wp-content\/uploads\/2022\/07\/IMG_9254-960x1440.jpeg 960w, https:\/\/gitarre-gerber.ch\/wp-content\/uploads\/2022\/07\/IMG_9254.jpeg 1067w\" sizes=\"auto, (max-width: 200px) 100vw, 200px\" \/>Die Gitarrenschule Gerber wurde Ende 2009 gegr\u00fcndet. Ihre St\u00e4rke liegt im One-to-one Unterricht: Gitarrenlehrer Raphael Gerber versteht es, seine Sch\u00fcler im Einzelunterricht individuell im Gitarrespielen zu f\u00f6rdern.<\/p>\n<p>Das Kursangebot ist f\u00fcr Anf\u00e4nger sowie Fortgeschrittene jeden Alters geeignet und umfasst eine Vielfalt von Musikstilen wie Rock\/Pop, Blues, Country und Jazz<\/p>\n<p>Unterrichtet wird je nach Interesse <strong>elektrische<\/strong> oder <strong>akustische<\/strong> Gitarre<\/p>\n<p>Schwerpunkte des Kurses:<\/p>\n<p><strong>\u2022 Ansprechendes Begleiten<\/strong><br \/>\n<strong>\u2022 Spannendes Solieren<\/strong><br \/>\n<strong>\u2022 Nach Noten\/Tabulatur spielen<\/strong><br \/>\n<strong>\u2022 Harmonielehre verst\u00e4ndlich vermittelt<\/strong><\/p>\n<p><strong>H\u00f6rprobe<\/strong> (Solieren): Further On Up The Road (Trad.)<\/p>\n<audio class=\"wp-audio-shortcode\" id=\"audio-57-1\" preload=\"none\" style=\"width: 100%;\" controls=\"controls\"><source type=\"audio\/mpeg\" src=\"https:\/\/gitarre-gerber.ch\/wp-content\/uploads\/2017\/12\/Further-On-Up-The-Road-RG-12.10.17-11.15.m4a?_=1\" \/><a href=\"https:\/\/gitarre-gerber.ch\/wp-content\/uploads\/2017\/12\/Further-On-Up-The-Road-RG-12.10.17-11.15.m4a\">https:\/\/gitarre-gerber.ch\/wp-content\/uploads\/2017\/12\/Further-On-Up-The-Road-RG-12.10.17-11.15.m4a<\/a><\/audio>\n","protected":false},"excerpt":{"rendered":"<p>Die Gitarrenschule Gerber wurde Ende 2009 gegr\u00fcndet. Ihre St\u00e4rke liegt im One-to-one Unterricht: Gitarrenlehrer Raphael Gerber versteht es, seine Sch\u00fcler im Einzelunterricht individuell im Gitarrespielen zu f\u00f6rdern. Das Kursangebot ist f\u00fcr Anf\u00e4nger sowie Fortgeschrittene jeden Alters geeignet und umfasst eine Vielfalt von Musikstilen wie Rock\/Pop, Blues, Country und Jazz Unterrichtet wird je nach Interesse elektrische <a href=\"https:\/\/gitarre-gerber.ch\/?page_id=57\" class=\"more-link\">\u2026weiterlesen<span class=\"screen-reader-text\"> Die Gitarrenschule\"<\/span><\/a><\/p>\n","protected":false},"author":1,"featured_media":0,"parent":0,"menu_order":0,"comment_status":"closed","ping_status":"closed","template":"","meta":{"_coblocks_attr":"","_coblocks_dimensions":"","_coblocks_responsive_height":"","_coblocks_accordion_ie_support":"","_crdt_document":"","_uag_custom_page_level_css":"","footnotes":""},"class_list":["post-57","page","type-page","status-publish","h-entry","hentry","h-as-page"],"aioseo_notices":[],"uagb_featured_image_src":{"full":false,"thumbnail":false,"medium":false,"medium_large":false,"large":false,"1536x1536":false,"2048x2048":false,"custom-header-image":false},"uagb_author_info":{"display_name":false,"author_link":"https:\/\/gitarre-gerber.ch\/?author=1"},"uagb_comment_info":0,"uagb_excerpt":"Die Gitarrenschule Gerber wurde Ende 2009 gegr\u00fcndet. Ihre St\u00e4rke liegt im One-to-one Unterricht: Gitarrenlehrer Raphael Gerber versteht es, seine Sch\u00fcler im Einzelunterricht individuell im Gitarrespielen zu f\u00f6rdern. Das Kursangebot ist f\u00fcr Anf\u00e4nger sowie Fortgeschrittene jeden Alters geeignet und umfasst eine Vielfalt von Musikstilen wie Rock\/Pop, Blues, Country und Jazz Unterrichtet wird je nach Interesse elektrische&hellip;","_links":{"self":[{"href":"https:\/\/gitarre-gerber.ch\/index.php?rest_route=\/wp\/v2\/pages\/57","targetHints":{"allow":["GET"]}}],"collection":[{"href":"https:\/\/gitarre-gerber.ch\/index.php?rest_route=\/wp\/v2\/pages"}],"about":[{"href":"https:\/\/gitarre-gerber.ch\/index.php?rest_route=\/wp\/v2\/types\/page"}],"author":[{"embeddable":true,"href":"https:\/\/gitarre-gerber.ch\/index.php?rest_route=\/wp\/v2\/users\/1"}],"replies":[{"embeddable":true,"href":"https:\/\/gitarre-gerber.ch\/index.php?rest_route=%2Fwp%2Fv2%2Fcomments&post=57"}],"version-history":[{"count":7,"href":"https:\/\/gitarre-gerber.ch\/index.php?rest_route=\/wp\/v2\/pages\/57\/revisions"}],"predecessor-version":[{"id":327,"href":"https:\/\/gitarre-gerber.ch\/index.php?rest_route=\/wp\/v2\/pages\/57\/revisions\/327"}],"wp:attachment":[{"href":"https:\/\/gitarre-gerber.ch\/index.php?rest_route=%2Fwp%2Fv2%2Fmedia&parent=57"}],"curies":[{"name":"wp","href":"https:\/\/api.w.org\/{rel}","templated":true}]}}